{"id":861,"date":"2018-10-12T18:52:20","date_gmt":"2018-10-12T16:52:20","guid":{"rendered":"http:\/\/www.brftornet5.se\/?page_id=861"},"modified":"2023-07-03T18:52:07","modified_gmt":"2023-07-03T16:52:07","slug":"grillning-2","status":"publish","type":"page","link":"https:\/\/www.brftornet5.se\/?page_id=861","title":{"rendered":"GRILLNING"},"content":{"rendered":"<h2>Ordningsregler f\u00f6r grillning<\/h2>\n<p>P\u00e5 balkonger och uteplatser, i anslutning till l\u00e4genheter, f\u00e5r endast elgrillar anv\u00e4ndas.<br \/>\nUndvik att st\u00f6ra grannar med besv\u00e4rande matos.<\/p>\n<p>Om du vill grilla med kol eller gasol m\u00e5ste det ske p\u00e5 grusplanen vid pergolan:<\/p>\n<ul>\n<li>L\u00e4mna aldrig gl\u00f6dande kol utan uppsikt.<\/li>\n<li>Kontrollera att allt kol har slocknat innan du \u00e4r klar.<\/li>\n<li>Efter grillning ska den fasta grillen reng\u00f6ras ordentligt och egen grill ska tas bort.<\/li>\n<li>Grillkol f\u00e5r inte kastas i rabatter.<\/li>\n<li>T\u00e4ndv\u00e4tska f\u00e5r inte anv\u00e4ndas p\u00e5 grund av besv\u00e4rande lukt. Det finns ett elutag f\u00f6r elektrisk t\u00e4ndare.<\/li>\n<li>Eng\u00e5ngsgrillar f\u00e5r av s\u00e4kerhetssk\u00e4l aldrig anv\u00e4ndas.<\/li>\n<\/ul>\n<p>Reglerna uppdaterades i maj 2019 och g\u00e4ller f\u00f6r Tornet 3, 4 och 5.<\/p>\n<p>Se MSB:s hemsida f\u00f6r regler g\u00e4llande f\u00f6rvaring av gasolflaskor.<br \/>\n<a href=\"https:\/\/www.msb.se\/sv\/rad-till-privatpersoner\/gasol-hemma\/forvara-gasol-hemma\/\">L\u00e4s h\u00e4r.<\/a><\/p>\n","protected":false},"excerpt":{"rendered":"<p>Ordningsregler f\u00f6r grillning P\u00e5 balkonger och uteplatser, i anslutning till l\u00e4genheter, f\u00e5r endast elgrillar anv\u00e4ndas. Undvik att st\u00f6ra grannar med besv\u00e4rande matos. Om du vill grilla med kol eller gasol m\u00e5ste det ske p\u00e5 grusplanen vid pergolan: L\u00e4mna aldrig gl\u00f6dande kol utan uppsikt. Kontrollera att allt kol har slocknat innan du \u00e4r klar. Efter grillning [&hellip;]<\/p>\n","protected":false},"author":2,"featured_media":0,"parent":0,"menu_order":0,"comment_status":"closed","ping_status":"closed","template":"page-templates\/full-width.php","meta":{"footnotes":""},"class_list":["post-861","page","type-page","status-publish","hentry"],"_links":{"self":[{"href":"https:\/\/www.brftornet5.se\/index.php?rest_route=\/wp\/v2\/pages\/861","targetHints":{"allow":["GET"]}}],"collection":[{"href":"https:\/\/www.brftornet5.se\/index.php?rest_route=\/wp\/v2\/pages"}],"about":[{"href":"https:\/\/www.brftornet5.se\/index.php?rest_route=\/wp\/v2\/types\/page"}],"author":[{"embeddable":true,"href":"https:\/\/www.brftornet5.se\/index.php?rest_route=\/wp\/v2\/users\/2"}],"replies":[{"embeddable":true,"href":"https:\/\/www.brftornet5.se\/index.php?rest_route=%2Fwp%2Fv2%2Fcomments&post=861"}],"version-history":[{"count":7,"href":"https:\/\/www.brftornet5.se\/index.php?rest_route=\/wp\/v2\/pages\/861\/revisions"}],"predecessor-version":[{"id":2333,"href":"https:\/\/www.brftornet5.se\/index.php?rest_route=\/wp\/v2\/pages\/861\/revisions\/2333"}],"wp:attachment":[{"href":"https:\/\/www.brftornet5.se\/index.php?rest_route=%2Fwp%2Fv2%2Fmedia&parent=861"}],"curies":[{"name":"wp","href":"https:\/\/api.w.org\/{rel}","templated":true}]}}