{"id":78,"date":"2015-11-16T20:07:22","date_gmt":"2015-11-16T20:07:22","guid":{"rendered":"http:\/\/brftornet5.se\/?page_id=78"},"modified":"2026-04-17T18:02:53","modified_gmt":"2026-04-17T16:02:53","slug":"balkong-inglasad","status":"publish","type":"page","link":"https:\/\/www.brftornet5.se\/?page_id=78","title":{"rendered":"> BALKONGER"},"content":{"rendered":"<p><strong>BALKONGINGLASNING,\u00a0MARKISER\u00a0OCH BALKONGINKL\u00c4DNAD<\/strong><\/p>\n<p>Godk\u00e4nnande kr\u00e4vs av f\u00f6reningens styrelse.<\/p>\n<p>F\u00f6r inglasning av balkonger m\u00e5ste ocks\u00e5 bygglov s\u00f6kas hos kommunen och ett avtal ska ing\u00e5s mellan bostadsr\u00e4ttf\u00f6reningen och bostadsr\u00e4ttshavaren enligt ett s\u00e4rskilt formul\u00e4r som f\u00e5s via <a href=\"mailto:styrelsen@tornet5.se\">mailto:styrelsen@tornet5.se<\/a><\/p>\n<p>Avtalet skall undertecknas av samtliga som har \u00e4garandelar i bostadsr\u00e4tten. Ett till\u00e4ggsavtal (enligt formul\u00e4r hos styrelsen) ska dessutom undertecknas av tillt\u00e4nkt leverant\u00f6r d\u00e4r denne utf\u00e4ster sig att att f\u00f6lja f\u00f6reningens regler och bygglovet. Bostadsr\u00e4ttshavaren har det fulla ansvaret f\u00f6r installationen.<\/p>\n<p>Vid avflyttning fr\u00e5n en l\u00e4genhet med inglasning eller markis ska det ovan n\u00e4mnda avtalet \u00f6verf\u00f6ras p\u00e5 den tilltr\u00e4dande l\u00e4genhetshavaren. Detta g\u00f6rs genom ett s\u00e4rskilt avtal (ocks\u00e5 p\u00e5 s\u00e4rskilt formul\u00e4r) som tr\u00e4ffas mellan bostadsr\u00e4ttsf\u00f6reningen och den tilltr\u00e4dande l\u00e4genhetshavaren.<\/p>\n<p>F\u00f6rutom det uppenbara att v\u00e4lja en seri\u00f6s leverant\u00f6r \u00e4r det viktigt att\u00a0f\u00f6lja nedanst\u00e5ende steg f\u00f6r att inte riskera att tvingas att g\u00f6ra om installationen.<\/p>\n<ul>\n<li type=\"square\">L\u00e4s igenom f\u00f6reningens rekommendationer och anvisningar vid inglasning av balkonger och montering av markiser. Se sk\u00f6tselp\u00e4rmen under flik 24.<\/li>\n<\/ul>\n<ul>\n<li type=\"square\">V\u00e4nd dig till en leverant\u00f6r som har goda referenser d\u00e5 bygglovet st\u00e4ller krav p\u00e5 s\u00e5v\u00e4l utf\u00f6rande som f\u00e4rg och materialval. Fr\u00e5ga g\u00e4rna en granne eller styrelsen om seri\u00f6sa hantverkare.<\/li>\n<\/ul>\n<ul>\n<li type=\"square\">Se till att hantverkaren tar del av bygglov och f\u00f6reningens anvisningar. Kontakta styrelsen<b> innan<\/b> \u00f6verenskommelse tr\u00e4ffas med leverant\u00f6r f\u00f6r att s\u00e4kerst\u00e4lla att inga oklarheter finns s\u00e5 att\u00a0installationen kommer att \u00f6verensst\u00e4mma med villkoren.<\/li>\n<\/ul>\n<ul>\n<li type=\"square\">Se \u00f6ver vad du best\u00e4ller och skriver under. Om f\u00e4rger och\u00a0utf\u00f6rande avviker fr\u00e5n bygglov och\u00a0anvisningar \u00e4r du som k\u00f6pare av tj\u00e4nsten ansvarig f\u00f6r att <strong>\u00e5terst\u00e4lla till godk\u00e4nt material.<\/strong><\/li>\n<\/ul>\n<p>Val av fabrikat och f\u00e4rg f\u00f6r<strong> markiser <\/strong>och \u00e4ven<strong> balkonginkl\u00e4dnad<\/strong> \u00e4r anpassat till huset enligt f\u00f6ljande:<\/p>\n<p><strong>Fabrikat:<\/strong> Sandatex 407\/102<\/p>\n<p><strong>F\u00e4rg:<\/strong> <span data-olk-copy-source=\"MessageBody\">NCS\u00a0 \u00a0S 3010-Y30R<\/span><\/p>\n<p><strong>Inglasning<\/strong>:\u00a0Alla detaljer skall vara av metall, anpassade till ursprungligt utf\u00f6rande\u00a0och f\u00e4rgen lika som ursprunglig, RAL 9007.<\/p>\n<p><strong>Ans\u00f6kan om byggnadslov f\u00f6r inglasning av balkong<br \/>\n<\/strong>Information och blanketter finns p\u00e5 Uppsala Kommuns webbplats.<\/p>\n<p>&nbsp;<\/p>\n<p>&nbsp;<\/p>\n<p>&nbsp;<\/p>\n","protected":false},"excerpt":{"rendered":"<p>BALKONGINGLASNING,\u00a0MARKISER\u00a0OCH BALKONGINKL\u00c4DNAD Godk\u00e4nnande kr\u00e4vs av f\u00f6reningens styrelse. F\u00f6r inglasning av balkonger m\u00e5ste ocks\u00e5 bygglov s\u00f6kas hos kommunen och ett avtal ska ing\u00e5s mellan bostadsr\u00e4ttf\u00f6reningen och bostadsr\u00e4ttshavaren enligt ett s\u00e4rskilt formul\u00e4r som f\u00e5s via mailto:styrelsen@tornet5.se Avtalet skall undertecknas av samtliga som har \u00e4garandelar i bostadsr\u00e4tten. Ett till\u00e4ggsavtal (enligt formul\u00e4r hos styrelsen) ska dessutom undertecknas av tillt\u00e4nkt [&hellip;]<\/p>\n","protected":false},"author":2,"featured_media":0,"parent":0,"menu_order":1,"comment_status":"closed","ping_status":"closed","template":"page-templates\/full-width.php","meta":{"footnotes":""},"class_list":["post-78","page","type-page","status-publish","hentry"],"_links":{"self":[{"href":"https:\/\/www.brftornet5.se\/index.php?rest_route=\/wp\/v2\/pages\/78","targetHints":{"allow":["GET"]}}],"collection":[{"href":"https:\/\/www.brftornet5.se\/index.php?rest_route=\/wp\/v2\/pages"}],"about":[{"href":"https:\/\/www.brftornet5.se\/index.php?rest_route=\/wp\/v2\/types\/page"}],"author":[{"embeddable":true,"href":"https:\/\/www.brftornet5.se\/index.php?rest_route=\/wp\/v2\/users\/2"}],"replies":[{"embeddable":true,"href":"https:\/\/www.brftornet5.se\/index.php?rest_route=%2Fwp%2Fv2%2Fcomments&post=78"}],"version-history":[{"count":42,"href":"https:\/\/www.brftornet5.se\/index.php?rest_route=\/wp\/v2\/pages\/78\/revisions"}],"predecessor-version":[{"id":2448,"href":"https:\/\/www.brftornet5.se\/index.php?rest_route=\/wp\/v2\/pages\/78\/revisions\/2448"}],"wp:attachment":[{"href":"https:\/\/www.brftornet5.se\/index.php?rest_route=%2Fwp%2Fv2%2Fmedia&parent=78"}],"curies":[{"name":"wp","href":"https:\/\/api.w.org\/{rel}","templated":true}]}}