{"id":64,"date":"2015-11-15T14:48:17","date_gmt":"2015-11-15T13:48:17","guid":{"rendered":"http:\/\/brftornet5.se\/?page_id=64"},"modified":"2021-10-10T17:16:41","modified_gmt":"2021-10-10T15:16:41","slug":"soprum","status":"publish","type":"page","link":"https:\/\/www.brftornet5.se\/?page_id=64","title":{"rendered":"SOPRUM"},"content":{"rendered":"<p>Huset har sortering f\u00f6r hush\u00e5llssopor uppdelat p\u00e5 br\u00e4nnbart (\u201dvanliga sopor\u201d),<br \/>\nkartong, papper, glas, metall- och plastf\u00f6rpackningar samt komposterbart avfall. Om du vill<br \/>\nsl\u00e4nga grovsopor ber vi dig att bes\u00f6ka en av kommunens \u00e5tervinningscentraler.<\/p>\n<p>Sl\u00e4ng soporna i r\u00e4tt k\u00e4rl och minska storleken p\u00e5 kartonger m m s\u00e5 mycket<br \/>\nsom m\u00f6jligt.<\/p>\n<p>\u00c4r du os\u00e4ker p\u00e5 vilka sopor som sorteras som br\u00e4nnbart, h\u00e5rdplast, mjukplast m.m.<br \/>\nkan du ladda ner Uppsala Vattens sorteringsbroschyr eller l\u00e4sa mer om hur dina<br \/>\nsopor ska sorteras p\u00e5 Uppsala vattens sorteringsguide.<\/p>\n<p>Vanliga sopor, dvs br\u00e4nnbart, (gr\u00f6na sopk\u00e4rl) t\u00f6ms tre g\u00e5nger\/vecka och matavfall<br \/>\n(bruna k\u00e4rl) t\u00f6ms tv\u00e5 g\u00e5nger\/vecka. Pappersf\u00f6rpackningar (bl\u00e5tt k\u00e4rl) och plastf\u00f6rpackningar<br \/>\n(bl\u00e5tt k\u00e4rl) t\u00f6ms tv\u00e5 g\u00e5nger\/vecka.<\/p>\n<p>Matavfall ska l\u00e4ggas i s\u00e4rskilda pappersp\u00e5sar. Extra pappersp\u00e5sar finns att h\u00e4mta i soprummet.<\/p>\n","protected":false},"excerpt":{"rendered":"<p>Huset har sortering f\u00f6r hush\u00e5llssopor uppdelat p\u00e5 br\u00e4nnbart (\u201dvanliga sopor\u201d), kartong, papper, glas, metall- och plastf\u00f6rpackningar samt komposterbart avfall. Om du vill sl\u00e4nga grovsopor ber vi dig att bes\u00f6ka en av kommunens \u00e5tervinningscentraler. Sl\u00e4ng soporna i r\u00e4tt k\u00e4rl och minska storleken p\u00e5 kartonger m m s\u00e5 mycket som m\u00f6jligt. \u00c4r du os\u00e4ker p\u00e5 vilka sopor [&hellip;]<\/p>\n","protected":false},"author":2,"featured_media":0,"parent":0,"menu_order":6,"comment_status":"closed","ping_status":"closed","template":"page-templates\/full-width.php","meta":{"footnotes":""},"class_list":["post-64","page","type-page","status-publish","hentry"],"_links":{"self":[{"href":"https:\/\/www.brftornet5.se\/index.php?rest_route=\/wp\/v2\/pages\/64","targetHints":{"allow":["GET"]}}],"collection":[{"href":"https:\/\/www.brftornet5.se\/index.php?rest_route=\/wp\/v2\/pages"}],"about":[{"href":"https:\/\/www.brftornet5.se\/index.php?rest_route=\/wp\/v2\/types\/page"}],"author":[{"embeddable":true,"href":"https:\/\/www.brftornet5.se\/index.php?rest_route=\/wp\/v2\/users\/2"}],"replies":[{"embeddable":true,"href":"https:\/\/www.brftornet5.se\/index.php?rest_route=%2Fwp%2Fv2%2Fcomments&post=64"}],"version-history":[{"count":15,"href":"https:\/\/www.brftornet5.se\/index.php?rest_route=\/wp\/v2\/pages\/64\/revisions"}],"predecessor-version":[{"id":2236,"href":"https:\/\/www.brftornet5.se\/index.php?rest_route=\/wp\/v2\/pages\/64\/revisions\/2236"}],"wp:attachment":[{"href":"https:\/\/www.brftornet5.se\/index.php?rest_route=%2Fwp%2Fv2%2Fmedia&parent=64"}],"curies":[{"name":"wp","href":"https:\/\/api.w.org\/{rel}","templated":true}]}}