{"id":56,"date":"2015-11-15T13:24:52","date_gmt":"2015-11-15T13:24:52","guid":{"rendered":"http:\/\/brftornet5.se\/?page_id=56"},"modified":"2022-09-20T16:03:21","modified_gmt":"2022-09-20T14:03:21","slug":"ut-och-inflytt","status":"publish","type":"page","link":"https:\/\/www.brftornet5.se\/?page_id=56","title":{"rendered":"UT- OCH INFLYTT"},"content":{"rendered":"<h1>CHECKLISTA VID BOSTADSBYTE<\/h1>\n<h2><em>Nyckelhantering<\/em><\/h2>\n<p>All nyckelhantering i bostadsr\u00e4ttsf\u00f6reningen hanteras av:<\/p>\n<p><strong><em>Trygghetsprodukter<br \/>\n<\/em><em>S:t Olofsgatan 46, Uppsala<\/em><\/strong><\/p>\n<p>Vid avflyttning ska alla utkvitterade nycklar l\u00e4mnas till Trygghetsprodukter, som st\u00e4mmer av antalet mot det antal som finns registrerat. Om antalet \u00e5terl\u00e4mnade nycklar inte st\u00e4mmer med vad som utkvitterats, kommer den avl\u00e4mnande bostads\u00e4garen att debiteras f\u00f6r byte av l\u00e5s.<\/p>\n<p>Vid inflyttning utkvitterar den tilltr\u00e4dande bostads\u00e4garen nycklarna hos Trygghetsprodukter, efter att styrelsen gett besked om den nye \u00e4garens namn och l\u00e4genhetsnummer till Trygghetsprodukter. Vid beg\u00e4ran om ytterligare nycklar utf\u00e4rdar styrelsen en rekvisition som s\u00e4nds till Trygghetsprodukter.<\/p>\n<h2><em>Varmvatten och hush\u00e5llsel<\/em><\/h2>\n<p>F\u00f6reningen anv\u00e4nder sig av individuell m\u00e4tning av varmvatten- och elf\u00f6rbrukning. Detta framg\u00e5r p\u00e5 hyresavierna, men med en f\u00f6rdr\u00f6jning om 4\u20135 m\u00e5nader. K\u00f6paren kommer allts\u00e5 att bli debiterad f\u00f6r den tidigare \u00e4garens f\u00f6rbrukning, d\u00e5 det \u00e4r kopplat till l\u00e4genheten. Det \u00e4r d\u00e4rf\u00f6r viktigt att k\u00f6pare och s\u00e4ljare g\u00f6r upp om hur detta ska regleras vid likvidavr\u00e4kningen.<\/p>\n<h2><em>TV och IT<\/em><\/h2>\n<p>TV-box och fj\u00e4rrkontroll, samt allt som ing\u00e5r i IT-sk\u00e5pet, tillh\u00f6r f\u00f6reningen och l\u00e4mnas kvar i l\u00e4genheten vid avflyttning.<\/p>\n<h2><em>Sk\u00f6tselp\u00e4rm<\/em><\/h2>\n<p>Sk\u00f6tselp\u00e4rmen tillh\u00f6r l\u00e4genheten och l\u00e4mnas kvar i l\u00e4genheten vid avflyttning. Sk\u00f6tselp\u00e4rmen finns \u00e4ven p\u00e5 f\u00f6reningens hemsida <a href=\"https:\/\/www.brftornet5.se\/\">www.brftornet5.se<\/a><\/p>\n<h2><em>L\u00e4genhetsf\u00f6rr\u00e5d<\/em><\/h2>\n<p>Till varje l\u00e4genhet h\u00f6r ett f\u00f6rr\u00e5d i k\u00e4llaren. Vid bostadsbyte skall f\u00f6rr\u00e5det l\u00e4mnas helt utrymt och st\u00e4dat.<\/p>\n<h2><em>Fj\u00e4rrkontroll till garaget \u2013 bara f\u00f6r dig som hyr garageplats<\/em><\/h2>\n<p>Beh\u00f6ver ni en fj\u00e4rrkontroll till garaget kontaktar ni styrelsen. Eng\u00e5ngsavgift (ej \u00e5terbetalbart) f\u00f6r fj\u00e4rrkontroll \u00e4r f.n. 700 kronor. Fj\u00e4rrkontrollen \u00e5terl\u00e4mnas till styrelsen vid avflyttning eller avslut av hyra f\u00f6r garageplats.<\/p>\n<h2><em>Namnskyltar och porttelefon<\/em><\/h2>\n<p>L\u00e4genhetsnummer, namn p\u00e5 k\u00f6pare och s\u00e4ljare, telefonnummer som skall anv\u00e4ndas f\u00f6r porttelefonen och fr\u00e5n vilket datum \u00e4ndringarna ska g\u00e4lla s\u00e4nds till <a href=\"mailto:styrelsen@brftornet5.se\">styrelsen@brftornet5.se<\/a>, senast 10 dagar f\u00f6re det datum \u00e4ndringen ska g\u00e4lla. Det g\u00e5r bra att ange mobilnummer, dock endast ett nummer.<\/p>\n","protected":false},"excerpt":{"rendered":"<p>CHECKLISTA VID BOSTADSBYTE Nyckelhantering All nyckelhantering i bostadsr\u00e4ttsf\u00f6reningen hanteras av: Trygghetsprodukter S:t Olofsgatan 46, Uppsala Vid avflyttning ska alla utkvitterade nycklar l\u00e4mnas till Trygghetsprodukter, som st\u00e4mmer av antalet mot det antal som finns registrerat. Om antalet \u00e5terl\u00e4mnade nycklar inte st\u00e4mmer med vad som utkvitterats, kommer den avl\u00e4mnande bostads\u00e4garen att debiteras f\u00f6r byte av l\u00e5s. Vid [&hellip;]<\/p>\n","protected":false},"author":2,"featured_media":0,"parent":0,"menu_order":4,"comment_status":"closed","ping_status":"closed","template":"page-templates\/full-width.php","meta":{"footnotes":""},"class_list":["post-56","page","type-page","status-publish","hentry"],"_links":{"self":[{"href":"https:\/\/www.brftornet5.se\/index.php?rest_route=\/wp\/v2\/pages\/56","targetHints":{"allow":["GET"]}}],"collection":[{"href":"https:\/\/www.brftornet5.se\/index.php?rest_route=\/wp\/v2\/pages"}],"about":[{"href":"https:\/\/www.brftornet5.se\/index.php?rest_route=\/wp\/v2\/types\/page"}],"author":[{"embeddable":true,"href":"https:\/\/www.brftornet5.se\/index.php?rest_route=\/wp\/v2\/users\/2"}],"replies":[{"embeddable":true,"href":"https:\/\/www.brftornet5.se\/index.php?rest_route=%2Fwp%2Fv2%2Fcomments&post=56"}],"version-history":[{"count":34,"href":"https:\/\/www.brftornet5.se\/index.php?rest_route=\/wp\/v2\/pages\/56\/revisions"}],"predecessor-version":[{"id":2275,"href":"https:\/\/www.brftornet5.se\/index.php?rest_route=\/wp\/v2\/pages\/56\/revisions\/2275"}],"wp:attachment":[{"href":"https:\/\/www.brftornet5.se\/index.php?rest_route=%2Fwp%2Fv2%2Fmedia&parent=56"}],"curies":[{"name":"wp","href":"https:\/\/api.w.org\/{rel}","templated":true}]}}