{"id":392,"date":"2016-01-27T17:51:51","date_gmt":"2016-01-27T16:51:51","guid":{"rendered":"http:\/\/www.brftornet5.se\/?page_id=392"},"modified":"2020-04-13T17:40:35","modified_gmt":"2020-04-13T15:40:35","slug":"nycklar-och-las","status":"publish","type":"page","link":"https:\/\/www.brftornet5.se\/?page_id=392","title":{"rendered":"> NYCKLAR OCH L\u00c5S"},"content":{"rendered":"<p><strong>Nyckeladministration<\/strong><br \/>\nSk\u00f6ts av l\u00e5sfirman Trygghetsprodukter, S:t Olofsgatan 46 p\u00e5 uppdrag av f\u00f6reningen.<\/p>\n<p><strong>Extra nyckel<br \/>\n<\/strong>F\u00f6r att kunna kvittera ut en extra nyckel kr\u00e4vs en skriftlig rekvisition utst\u00e4lld av styrelsen. Kontakta styrelsen via e-mail <a href=\"mailto:styrelsen@tornet5.se\">styrelsen@brftornet5.se<\/a> eller l\u00e4gg ett meddelande i f\u00f6reningens brevl\u00e5da Torngatan 10.\u00a0 Rekvisitionen g\u00e4ller hos v\u00e5r nyckeladministrat\u00f6r Trygghetsprodukter, S:t Olofsgatan 46. Legitimation kr\u00e4vs.<\/p>\n<p><strong>Akut l\u00e5sh\u00e4ndelse<\/strong><br \/>\nVid akuta l\u00e5sh\u00e4ndelser t.ex. borttappade\/stulna nycklar som om\u00f6jligg\u00f6r tilltr\u00e4de till l\u00e4genheten kontaktas Trygghetsprodukter p\u00e5 telefon 0771-694445 eller 018-694445. L\u00e5sf\u00f6retaget har strikta krav p\u00e5 legitimation vid s\u00e5dan l\u00e5s\/nyckelservice. En kostnad\u00a0 tillkommer normalt.<\/p>\n<p><strong>Avflyttning<br \/>\n<\/strong>Samtliga utkvitterade nycklar skall l\u00e4mnas till Trygghetsprodukter som ansvarar f\u00f6r att den tilltr\u00e4dande \u00e4garen f\u00e5r tillg\u00e5ng till dessa vid tilltr\u00e4det.<br \/>\nSkulle antalet \u00e5terl\u00e4mnade nycklar inte st\u00e4mma med antalet utkvitterade\u00a0kan l\u00e5sbyte (cylinder) komma att kr\u00e4vas. Kostnaden f\u00f6r detta belastar den utflyttande.<\/p>\n<p><strong>Huvudnyckel<\/strong><br \/>\nDet finns ingen huvudnyckel utan de nycklar du kvitterar ut \u00e4r de enda till den aktuella l\u00e4genheten.<\/p>\n<p><strong>Underh\u00e5ll av l\u00e5s<br \/>\n<\/strong>L\u00e5scylindern b\u00f6r sm\u00f6rjas 1-2 g\u00e5nger per \u00e5r. D\u00e4rvid skall en s\u00e4rskild l\u00e5sspray anv\u00e4ndas, t.ex. Assa Lock Spray. Annan typ av olja eller grafit skall <u>inte<\/u> anv\u00e4ndas eftersom l\u00e5sets funktion d\u00e5 kan f\u00f6rs\u00e4mras efter hand.<\/p>\n<p>&nbsp;<\/p>\n<p>&nbsp;<\/p>\n","protected":false},"excerpt":{"rendered":"<p>Nyckeladministration Sk\u00f6ts av l\u00e5sfirman Trygghetsprodukter, S:t Olofsgatan 46 p\u00e5 uppdrag av f\u00f6reningen. Extra nyckel F\u00f6r att kunna kvittera ut en extra nyckel kr\u00e4vs en skriftlig rekvisition utst\u00e4lld av styrelsen. Kontakta styrelsen via e-mail styrelsen@brftornet5.se eller l\u00e4gg ett meddelande i f\u00f6reningens brevl\u00e5da Torngatan 10.\u00a0 Rekvisitionen g\u00e4ller hos v\u00e5r nyckeladministrat\u00f6r Trygghetsprodukter, S:t Olofsgatan 46. Legitimation kr\u00e4vs. Akut [&hellip;]<\/p>\n","protected":false},"author":2,"featured_media":0,"parent":0,"menu_order":0,"comment_status":"closed","ping_status":"closed","template":"","meta":{"footnotes":""},"class_list":["post-392","page","type-page","status-publish","hentry"],"_links":{"self":[{"href":"https:\/\/www.brftornet5.se\/index.php?rest_route=\/wp\/v2\/pages\/392","targetHints":{"allow":["GET"]}}],"collection":[{"href":"https:\/\/www.brftornet5.se\/index.php?rest_route=\/wp\/v2\/pages"}],"about":[{"href":"https:\/\/www.brftornet5.se\/index.php?rest_route=\/wp\/v2\/types\/page"}],"author":[{"embeddable":true,"href":"https:\/\/www.brftornet5.se\/index.php?rest_route=\/wp\/v2\/users\/2"}],"replies":[{"embeddable":true,"href":"https:\/\/www.brftornet5.se\/index.php?rest_route=%2Fwp%2Fv2%2Fcomments&post=392"}],"version-history":[{"count":7,"href":"https:\/\/www.brftornet5.se\/index.php?rest_route=\/wp\/v2\/pages\/392\/revisions"}],"predecessor-version":[{"id":1852,"href":"https:\/\/www.brftornet5.se\/index.php?rest_route=\/wp\/v2\/pages\/392\/revisions\/1852"}],"wp:attachment":[{"href":"https:\/\/www.brftornet5.se\/index.php?rest_route=%2Fwp%2Fv2%2Fmedia&parent=392"}],"curies":[{"name":"wp","href":"https:\/\/api.w.org\/{rel}","templated":true}]}}