{"id":276,"date":"2015-12-11T17:43:48","date_gmt":"2015-12-11T16:43:48","guid":{"rendered":"http:\/\/www.brftornet5.se\/?page_id=276"},"modified":"2026-01-21T14:40:34","modified_gmt":"2026-01-21T13:40:34","slug":"varmvatten","status":"publish","type":"page","link":"https:\/\/www.brftornet5.se\/?page_id=276","title":{"rendered":"> VARMVATTEN"},"content":{"rendered":"<p>F\u00f6reningen anv\u00e4nder sig av individuell m\u00e4tning av varmvattenf\u00f6rbrukningen per l\u00e4genhet. Kostnaden framg\u00e5r p\u00e5 m\u00e5nadsavierna, men med en f\u00f6rdr\u00f6jning om ca 5 m\u00e5nader.<br \/>\nObservera att vid l\u00e4genhetsbyte kommer k\u00f6paren att bli debiterad f\u00f6r den tidigare \u00e4garens sista f\u00f6rbrukning. Det \u00e4r d\u00e4rf\u00f6r viktigt att k\u00f6pare och s\u00e4ljare g\u00f6r upp om hur denna kostnad skall regleras vid likvidavr\u00e4kningen.<\/p>\n<p>Ett externt f\u00f6retag l\u00e4ser elektroniskt av m\u00e5nadens f\u00f6rbrukning f\u00f6r varje l\u00e4genhet och skickar informationen till v\u00e5r ekonomiska f\u00f6rvaltare. Uppgifter som f\u00f6rvaltaren f\u00e5r senast den 5:e i m\u00e5naden tas med p\u00e5 n\u00e4sta avgiftsavi.<\/p>\n<p>Tyv\u00e4rr kan avl\u00e4sningen ibland bli f\u00f6rdr\u00f6jd. Det inneb\u00e4r att en m\u00e5nadsavi kan inneh\u00e5lla debitering f\u00f6r en m\u00e5nad, flera m\u00e5nader eller ingen debitering alls, beroende p\u00e5 n\u00e4r avl\u00e4sning och rapportering har gjorts. Information om vilken period som debiterats finns angivet p\u00e5 avin.<\/p>\n","protected":false},"excerpt":{"rendered":"<p>F\u00f6reningen anv\u00e4nder sig av individuell m\u00e4tning av varmvattenf\u00f6rbrukningen per l\u00e4genhet. Kostnaden framg\u00e5r p\u00e5 m\u00e5nadsavierna, men med en f\u00f6rdr\u00f6jning om ca 5 m\u00e5nader. Observera att vid l\u00e4genhetsbyte kommer k\u00f6paren att bli debiterad f\u00f6r den tidigare \u00e4garens sista f\u00f6rbrukning. Det \u00e4r d\u00e4rf\u00f6r viktigt att k\u00f6pare och s\u00e4ljare g\u00f6r upp om hur denna kostnad skall regleras vid likvidavr\u00e4kningen. [&hellip;]<\/p>\n","protected":false},"author":2,"featured_media":0,"parent":0,"menu_order":0,"comment_status":"closed","ping_status":"closed","template":"page-templates\/full-width.php","meta":{"footnotes":""},"class_list":["post-276","page","type-page","status-publish","hentry"],"_links":{"self":[{"href":"https:\/\/www.brftornet5.se\/index.php?rest_route=\/wp\/v2\/pages\/276","targetHints":{"allow":["GET"]}}],"collection":[{"href":"https:\/\/www.brftornet5.se\/index.php?rest_route=\/wp\/v2\/pages"}],"about":[{"href":"https:\/\/www.brftornet5.se\/index.php?rest_route=\/wp\/v2\/types\/page"}],"author":[{"embeddable":true,"href":"https:\/\/www.brftornet5.se\/index.php?rest_route=\/wp\/v2\/users\/2"}],"replies":[{"embeddable":true,"href":"https:\/\/www.brftornet5.se\/index.php?rest_route=%2Fwp%2Fv2%2Fcomments&post=276"}],"version-history":[{"count":6,"href":"https:\/\/www.brftornet5.se\/index.php?rest_route=\/wp\/v2\/pages\/276\/revisions"}],"predecessor-version":[{"id":2425,"href":"https:\/\/www.brftornet5.se\/index.php?rest_route=\/wp\/v2\/pages\/276\/revisions\/2425"}],"wp:attachment":[{"href":"https:\/\/www.brftornet5.se\/index.php?rest_route=%2Fwp%2Fv2%2Fmedia&parent=276"}],"curies":[{"name":"wp","href":"https:\/\/api.w.org\/{rel}","templated":true}]}}