{"id":266,"date":"2015-12-11T15:05:37","date_gmt":"2015-12-11T14:05:37","guid":{"rendered":"http:\/\/www.brftornet5.se\/?page_id=266"},"modified":"2019-08-05T20:26:32","modified_gmt":"2019-08-05T18:26:32","slug":"lagenhetsuppvarmning","status":"publish","type":"page","link":"https:\/\/www.brftornet5.se\/?page_id=266","title":{"rendered":"> L\u00c4GENHETSUPPV\u00c4RMNING"},"content":{"rendered":"<p>V\u00e4rmen i fastigheten \u00e4r p\u00e5slagen \u00e5ret runt och systemet \u00e4r inst\u00e4llt p\u00e5 att ge max 22 grader i<br \/>\nl\u00e4genheterna. \u00c4r det 22 grader eller mer inne s\u00e5 k\u00e4nns elementen kalla eller n\u00e4stan kalla.<br \/>\nDet g\u00e5r allts\u00e5 inte att f\u00e5 varmare i l\u00e4genheten \u00e4n 22 grader med hj\u00e4lp av elementen.<\/p>\n<p>N\u00e4r det blir kallare utomhus \u00e4r det bra att det finns god luftcirkulation f\u00f6r att f\u00e5 en j\u00e4mn<br \/>\nv\u00e4rme i l\u00e4genheten. F\u00f6r b\u00e4sta resultat b\u00f6r inte soffor eller andra t\u00e4ckande m\u00f6bler\/saker<br \/>\nplaceras framf\u00f6r elementen d\u00e5 det f\u00f6rhindrar cirkulationen av varmluften.<\/p>\n","protected":false},"excerpt":{"rendered":"<p>V\u00e4rmen i fastigheten \u00e4r p\u00e5slagen \u00e5ret runt och systemet \u00e4r inst\u00e4llt p\u00e5 att ge max 22 grader i l\u00e4genheterna. \u00c4r det 22 grader eller mer inne s\u00e5 k\u00e4nns elementen kalla eller n\u00e4stan kalla. Det g\u00e5r allts\u00e5 inte att f\u00e5 varmare i l\u00e4genheten \u00e4n 22 grader med hj\u00e4lp av elementen. N\u00e4r det blir kallare utomhus \u00e4r [&hellip;]<\/p>\n","protected":false},"author":2,"featured_media":0,"parent":0,"menu_order":0,"comment_status":"closed","ping_status":"closed","template":"page-templates\/full-width.php","meta":{"footnotes":""},"class_list":["post-266","page","type-page","status-publish","hentry"],"_links":{"self":[{"href":"https:\/\/www.brftornet5.se\/index.php?rest_route=\/wp\/v2\/pages\/266","targetHints":{"allow":["GET"]}}],"collection":[{"href":"https:\/\/www.brftornet5.se\/index.php?rest_route=\/wp\/v2\/pages"}],"about":[{"href":"https:\/\/www.brftornet5.se\/index.php?rest_route=\/wp\/v2\/types\/page"}],"author":[{"embeddable":true,"href":"https:\/\/www.brftornet5.se\/index.php?rest_route=\/wp\/v2\/users\/2"}],"replies":[{"embeddable":true,"href":"https:\/\/www.brftornet5.se\/index.php?rest_route=%2Fwp%2Fv2%2Fcomments&post=266"}],"version-history":[{"count":7,"href":"https:\/\/www.brftornet5.se\/index.php?rest_route=\/wp\/v2\/pages\/266\/revisions"}],"predecessor-version":[{"id":516,"href":"https:\/\/www.brftornet5.se\/index.php?rest_route=\/wp\/v2\/pages\/266\/revisions\/516"}],"wp:attachment":[{"href":"https:\/\/www.brftornet5.se\/index.php?rest_route=%2Fwp%2Fv2%2Fmedia&parent=266"}],"curies":[{"name":"wp","href":"https:\/\/api.w.org\/{rel}","templated":true}]}}