{"id":2351,"date":"2024-04-01T17:45:40","date_gmt":"2024-04-01T15:45:40","guid":{"rendered":"https:\/\/www.brftornet5.se\/?page_id=2351"},"modified":"2024-11-24T17:17:21","modified_gmt":"2024-11-24T16:17:21","slug":"silverfiskar","status":"publish","type":"page","link":"https:\/\/www.brftornet5.se\/?page_id=2351","title":{"rendered":"SILVERFISKAR"},"content":{"rendered":"<p><strong>Allm\u00e4nt om silverfiskar och bek\u00e4mpning<\/strong><\/p>\n<p>Silverfiskar \u00e4r vanligt f\u00f6rekommande i l\u00e4genheter, fr\u00e4mst kring golvbrunnen i badrummet eller vid ventilationsr\u00f6ren i k\u00f6ks- och badrumstaket. Den \u00e4r ofarlig f\u00f6r m\u00e4nniskans h\u00e4lsa och kan ta sig mellan l\u00e4genheter fr\u00e4mst via ventilations- och avloppsr\u00f6r. D\u00e4rmed \u00e4r den sv\u00e5r att bli av med.<\/p>\n<p>Silverfiskars aktivitet m\u00e4rks mer p\u00e5 senh\u00f6st \/ vinter och ett \u00f6kat antal kan ses vid ut \/ inflyttning i grannl\u00e4genheter eftersom djuren blir st\u00f6rda i sin vanliga milj\u00f6.<\/p>\n<p>Silverfiskar bek\u00e4mpas fr\u00e4mst med limf\u00e4llor. F\u00e4llan gillras med ett ofarligt \u00e4mne, ofta baserat p\u00e5 r\u00e4kskal, som lockar till sig silverfiskarna som sedan fastnar i limmet. Limmet \u00e4r mycket kraftigt och sv\u00e5rt att f\u00e5 bort fr\u00e5n fingrarna. Om det finns yngre barn eller husdjur i l\u00e4genheten \u00e4r det d\u00e4rf\u00f6r l\u00e4mpligt att placera ut f\u00e4llorna p\u00e5 kv\u00e4llen och ta bort dem p\u00e5 morgonen \u2013 silverfiskarna \u00e4r aktiva fr\u00e4mst p\u00e5 n\u00e4tterna och i m\u00f6rker.<\/p>\n<p>S\u00e5 kallade &#8221;husmorsmetoder&#8221; finns ocks\u00e5: att spraya golvbrunnen med \u00e4ttika eller att bestryka lister, tr\u00f6sklar och r\u00f6rinf\u00e4stningar med \u00e4ttika, vin\u00e4ger eller r\u00f6dcederolja. Medel finns ocks\u00e5 att k\u00f6pa i aff\u00e4ren, exempelvis kiselgur som torkar ut och d\u00f6dar silverfiskarna.<\/p>\n<p>Som ett sista alternativ finns m\u00f6jligheten att anlita en saneringsfirma, exempelvis Anticimex. Deras metod \u00e4r emellertid att sprida ett betesgift s\u00e5 osynligt som m\u00f6jligt, och som f\u00e5r ligga en l\u00e4ngre period och tar d\u00f6d p\u00e5 silverfiskarna. Preparatet \u00e4r giftigt vid konsumtion. Anticimex anger att den m\u00e4ngd det r\u00f6r sig om betraktas som ofarligt, men att man ska ha uppsikt \u00f6ver barn och husdjur.<\/p>\n<p>&nbsp;<\/p>\n<p>&nbsp;<\/p>\n","protected":false},"excerpt":{"rendered":"<p>Allm\u00e4nt om silverfiskar och bek\u00e4mpning Silverfiskar \u00e4r vanligt f\u00f6rekommande i l\u00e4genheter, fr\u00e4mst kring golvbrunnen i badrummet eller vid ventilationsr\u00f6ren i k\u00f6ks- och badrumstaket. Den \u00e4r ofarlig f\u00f6r m\u00e4nniskans h\u00e4lsa och kan ta sig mellan l\u00e4genheter fr\u00e4mst via ventilations- och avloppsr\u00f6r. D\u00e4rmed \u00e4r den sv\u00e5r att bli av med. Silverfiskars aktivitet m\u00e4rks mer p\u00e5 senh\u00f6st \/ [&hellip;]<\/p>\n","protected":false},"author":2,"featured_media":0,"parent":47,"menu_order":0,"comment_status":"closed","ping_status":"closed","template":"","meta":{"footnotes":""},"class_list":["post-2351","page","type-page","status-publish","hentry"],"_links":{"self":[{"href":"https:\/\/www.brftornet5.se\/index.php?rest_route=\/wp\/v2\/pages\/2351","targetHints":{"allow":["GET"]}}],"collection":[{"href":"https:\/\/www.brftornet5.se\/index.php?rest_route=\/wp\/v2\/pages"}],"about":[{"href":"https:\/\/www.brftornet5.se\/index.php?rest_route=\/wp\/v2\/types\/page"}],"author":[{"embeddable":true,"href":"https:\/\/www.brftornet5.se\/index.php?rest_route=\/wp\/v2\/users\/2"}],"replies":[{"embeddable":true,"href":"https:\/\/www.brftornet5.se\/index.php?rest_route=%2Fwp%2Fv2%2Fcomments&post=2351"}],"version-history":[{"count":4,"href":"https:\/\/www.brftornet5.se\/index.php?rest_route=\/wp\/v2\/pages\/2351\/revisions"}],"predecessor-version":[{"id":2386,"href":"https:\/\/www.brftornet5.se\/index.php?rest_route=\/wp\/v2\/pages\/2351\/revisions\/2386"}],"up":[{"embeddable":true,"href":"https:\/\/www.brftornet5.se\/index.php?rest_route=\/wp\/v2\/pages\/47"}],"wp:attachment":[{"href":"https:\/\/www.brftornet5.se\/index.php?rest_route=%2Fwp%2Fv2%2Fmedia&parent=2351"}],"curies":[{"name":"wp","href":"https:\/\/api.w.org\/{rel}","templated":true}]}}