{"id":1815,"date":"2020-01-02T13:15:59","date_gmt":"2020-01-02T12:15:59","guid":{"rendered":"http:\/\/www.brftornet5.se\/?page_id=1815"},"modified":"2024-04-01T17:58:05","modified_gmt":"2024-04-01T15:58:05","slug":"namnskyltar-pa-postfack-och-adresstavlor-reklam","status":"publish","type":"page","link":"https:\/\/www.brftornet5.se\/?page_id=1815","title":{"rendered":"> NAMNSKYLTAR P\u00c5 POSTFACK OCH ADRESSTAVLOR. REKLAM"},"content":{"rendered":"<p><strong>Postfack och tidningsh\u00e5llare<br \/>\n<\/strong>P\u00e5 entr\u00e9plan finns det ett postfack till var och en av l\u00e4genheterna, d\u00e4r posten l\u00e4mnas. Utanf\u00f6r varje d\u00f6rr sitter det en tidningsh\u00e5llare d\u00e4r morgontidningen kommer att kunna l\u00e4mnas. T\u00e4nk p\u00e5 att avbest\u00e4lla tidningen eller be en granne ta hand om tidningen d\u00e5 du \u00e4r bortrest.<\/p>\n<p><strong>Reklam och gratistidningar<br \/>\n<\/strong>Om du inte vill ha adresserad reklam som skickas med vanlig post beh\u00f6ver du anm\u00e4la dig till NIX-registret. D\u00e4remot finns det inget s\u00e4tt att avs\u00e4ga sig den lokala Samh\u00e4llsinformationen som varje vecka kommuniceras via UppsalaTidningen (annat \u00e4n att tacka nej till gratistidningar).<\/p>\n<p>V\u00e4nligen tillse att du inte l\u00e4mnar tidningar p\u00e5 golvet eller ovanp\u00e5 postfacken; var och en b\u00e4r eget ansvar att sj\u00e4lv ta hand om mottagna tidningar.<\/p>\n<p>Notera att det <u>inte \u00e4r till\u00e5tet<\/u> att ha egna typer av etiketter eller namnlappar, vare sig p\u00e5 entr\u00e9skylten, den utv\u00e4ndiga porttelefonf\u00f6rteckningen, postfack eller tidningsh\u00e5llare. Detta g\u00e4ller \u00e4ven vid godk\u00e4nd andrahandsuthyrning. <em><strong>\u00d6nskade \u00e4ndringar meddelas styrelsen via e-post: styrelsen@brftornet5.se<\/strong><\/em><\/p>\n","protected":false},"excerpt":{"rendered":"<p>Postfack och tidningsh\u00e5llare P\u00e5 entr\u00e9plan finns det ett postfack till var och en av l\u00e4genheterna, d\u00e4r posten l\u00e4mnas. Utanf\u00f6r varje d\u00f6rr sitter det en tidningsh\u00e5llare d\u00e4r morgontidningen kommer att kunna l\u00e4mnas. T\u00e4nk p\u00e5 att avbest\u00e4lla tidningen eller be en granne ta hand om tidningen d\u00e5 du \u00e4r bortrest. Reklam och gratistidningar Om du inte vill [&hellip;]<\/p>\n","protected":false},"author":2,"featured_media":0,"parent":47,"menu_order":0,"comment_status":"closed","ping_status":"closed","template":"","meta":{"footnotes":""},"class_list":["post-1815","page","type-page","status-publish","hentry"],"_links":{"self":[{"href":"https:\/\/www.brftornet5.se\/index.php?rest_route=\/wp\/v2\/pages\/1815","targetHints":{"allow":["GET"]}}],"collection":[{"href":"https:\/\/www.brftornet5.se\/index.php?rest_route=\/wp\/v2\/pages"}],"about":[{"href":"https:\/\/www.brftornet5.se\/index.php?rest_route=\/wp\/v2\/types\/page"}],"author":[{"embeddable":true,"href":"https:\/\/www.brftornet5.se\/index.php?rest_route=\/wp\/v2\/users\/2"}],"replies":[{"embeddable":true,"href":"https:\/\/www.brftornet5.se\/index.php?rest_route=%2Fwp%2Fv2%2Fcomments&post=1815"}],"version-history":[{"count":10,"href":"https:\/\/www.brftornet5.se\/index.php?rest_route=\/wp\/v2\/pages\/1815\/revisions"}],"predecessor-version":[{"id":2353,"href":"https:\/\/www.brftornet5.se\/index.php?rest_route=\/wp\/v2\/pages\/1815\/revisions\/2353"}],"up":[{"embeddable":true,"href":"https:\/\/www.brftornet5.se\/index.php?rest_route=\/wp\/v2\/pages\/47"}],"wp:attachment":[{"href":"https:\/\/www.brftornet5.se\/index.php?rest_route=%2Fwp%2Fv2%2Fmedia&parent=1815"}],"curies":[{"name":"wp","href":"https:\/\/api.w.org\/{rel}","templated":true}]}}