{"id":1793,"date":"2019-11-28T16:55:07","date_gmt":"2019-11-28T15:55:07","guid":{"rendered":"http:\/\/www.brftornet5.se\/?page_id=1793"},"modified":"2019-11-28T17:27:22","modified_gmt":"2019-11-28T16:27:22","slug":"vattenskador","status":"publish","type":"page","link":"https:\/\/www.brftornet5.se\/?page_id=1793","title":{"rendered":">VATTENSKADOR"},"content":{"rendered":"<p><strong>Intr\u00e4ffad eller befarad vattenskada.<br \/>\n<\/strong><strong>Dina omedelbara \u00e5tg\u00e4rder.<\/strong><\/p>\n<ul>\n<li>F\u00f6rhindra att skadan f\u00f6rv\u00e4rras. St\u00e4ng av vattentillf\u00f6rseln (sk\u00e5p i trapphuset) och torka upp ordentligt.<\/li>\n<li>Vid behov tillkalla VVS-firma.<\/li>\n<li>Anm\u00e4l det intr\u00e4ffade till bostadsr\u00e4ttsf\u00f6reningens styrelse snarast <u><a href=\"mailto:styrelsen@brftornet5.se\">styrelsen@brftornet5.se<\/a> <\/u><\/li>\n<li>G\u00f6r skadeanm\u00e4lan till ditt f\u00f6rs\u00e4kringsbolag.<\/li>\n<li>\u00c4r det t\u00e4nkbart att skadan skulle kunna ber\u00f6ra \u00e4ven grannl\u00e4genheter: informera grannen\/grannarna om vad som h\u00e4nt. De kan beh\u00f6va g\u00f6ra en egen anm\u00e4lan till sitt\/sina f\u00f6rs\u00e4kringsbolag.<\/li>\n<\/ul>\n<p><strong>Vad g\u00f6r f\u00f6reningen<br \/>\n<\/strong>Bostadsr\u00e4ttsf\u00f6reningen har ansvar att agera vid en vattenskada och skall i samarbete med utomst\u00e5ende experter unders\u00f6ka vad som har orsakat skadan och hur mycket som har blivit skadat.\u00a0Visar det sig efter besiktning och fuktm\u00e4tning att det kan finnas skador <strong><em>bakom\/under<\/em><\/strong> ytskikten i l\u00e4genheten kommer f\u00f6reningen att reparera <strong>dessa <\/strong>skador. Det \u00e4r vanligt att man beh\u00f6ver riva upp ytskikt f\u00f6r att komma \u00e5t att bed\u00f6ma skadan, torka ut fukt och sedan utf\u00f6ra reparation. Ytskikten, till exempel golv, eller annan fast inredning \u00e5ligger det bostadsr\u00e4ttshavaren att \u00e5terst\u00e4lla.<\/p>\n<p>Orsak till skadan kan till exempel vara f\u00f6rsummelse, v\u00e5rdsl\u00f6shet, olycksh\u00e4ndelse eller att det har utf\u00f6rts en reparation d\u00e4r man inte f\u00f6ljt g\u00e4llande bygg- och branschregler. Det \u00e4r den av bostadsr\u00e4ttsf\u00f6reningen initierade expertutredningen som ligger till grund f\u00f6r f\u00f6rs\u00e4kringsbolagets bed\u00f6mning av hur ansvaret f\u00f6r skadan skall f\u00f6rdelas och vem som betalar vad.<\/p>\n<p><strong>Ditt ansvar som bostadsr\u00e4ttshavare<br \/>\n<\/strong>Du har ett omfattande eget ansvar f\u00f6r l\u00e4genheten enligt bostadsr\u00e4ttsf\u00f6reningens stadgar. Du ansvarar bland annat f\u00f6r ytskikt och fast inredning. Se vidare i f\u00f6reningens stadgar som finns p\u00e5 hemsidan. En vanlig men on\u00f6dig vattenskada \u00e4r n\u00e4r kylsk\u00e5p under l\u00e4ngre tid l\u00e4ckt kondensvatten p\u00e5 grund av igensatt avloppsh\u00e5l i kylsk\u00e5pets nedre del. Reng\u00f6r d\u00e4rf\u00f6r regelbundet detta avlopp och inspektera ocks\u00e5 golvet i anslutning till plastskyddet under sk\u00e5pet. Det kan bespara dig och f\u00f6reningen besv\u00e4r och kostnader.<\/p>\n<p><strong>Bostadsr\u00e4ttstill\u00e4gg<br \/>\n<\/strong>Ett bostadsr\u00e4ttstill\u00e4gg \u00e4r en kompletterande f\u00f6rs\u00e4kring f\u00f6r bostadsr\u00e4tter och g\u00e4ller bland annat f\u00f6r ytskikt och fast inredning. F\u00f6reningen har tecknat kollektivt bostadsr\u00e4ttstill\u00e4gg f\u00f6r alla medlemmar hos sitt f\u00f6rs\u00e4kringsbolag. Det ing\u00e5r i din m\u00e5nadsavgift.<\/p>\n","protected":false},"excerpt":{"rendered":"<p>Intr\u00e4ffad eller befarad vattenskada. Dina omedelbara \u00e5tg\u00e4rder. F\u00f6rhindra att skadan f\u00f6rv\u00e4rras. St\u00e4ng av vattentillf\u00f6rseln (sk\u00e5p i trapphuset) och torka upp ordentligt. Vid behov tillkalla VVS-firma. Anm\u00e4l det intr\u00e4ffade till bostadsr\u00e4ttsf\u00f6reningens styrelse snarast styrelsen@brftornet5.se G\u00f6r skadeanm\u00e4lan till ditt f\u00f6rs\u00e4kringsbolag. \u00c4r det t\u00e4nkbart att skadan skulle kunna ber\u00f6ra \u00e4ven grannl\u00e4genheter: informera grannen\/grannarna om vad som h\u00e4nt. De [&hellip;]<\/p>\n","protected":false},"author":2,"featured_media":0,"parent":0,"menu_order":0,"comment_status":"closed","ping_status":"closed","template":"","meta":{"footnotes":""},"class_list":["post-1793","page","type-page","status-publish","hentry"],"_links":{"self":[{"href":"https:\/\/www.brftornet5.se\/index.php?rest_route=\/wp\/v2\/pages\/1793","targetHints":{"allow":["GET"]}}],"collection":[{"href":"https:\/\/www.brftornet5.se\/index.php?rest_route=\/wp\/v2\/pages"}],"about":[{"href":"https:\/\/www.brftornet5.se\/index.php?rest_route=\/wp\/v2\/types\/page"}],"author":[{"embeddable":true,"href":"https:\/\/www.brftornet5.se\/index.php?rest_route=\/wp\/v2\/users\/2"}],"replies":[{"embeddable":true,"href":"https:\/\/www.brftornet5.se\/index.php?rest_route=%2Fwp%2Fv2%2Fcomments&post=1793"}],"version-history":[{"count":3,"href":"https:\/\/www.brftornet5.se\/index.php?rest_route=\/wp\/v2\/pages\/1793\/revisions"}],"predecessor-version":[{"id":1802,"href":"https:\/\/www.brftornet5.se\/index.php?rest_route=\/wp\/v2\/pages\/1793\/revisions\/1802"}],"wp:attachment":[{"href":"https:\/\/www.brftornet5.se\/index.php?rest_route=%2Fwp%2Fv2%2Fmedia&parent=1793"}],"curies":[{"name":"wp","href":"https:\/\/api.w.org\/{rel}","templated":true}]}}